{"id":348,"date":"2015-11-26T17:15:28","date_gmt":"2015-11-26T16:15:28","guid":{"rendered":"https:\/\/www.trascon.it\/privacy\/"},"modified":"2019-01-03T12:18:13","modified_gmt":"2019-01-03T11:18:13","slug":"privacy","status":"publish","type":"page","link":"https:\/\/trascon.it\/en\/privacy\/","title":{"rendered":"Informativa Privacy"},"content":{"rendered":"<p>Ai sensi e per gli effetti del D. Lgs. n. 196\/2003,<br \/>\ncos\u00ec come modificato dal D. Lgs. n. 101\/2018, nonch\u00e9 ai sensi degli artt. 13 e 14 del REG. UE 2016\/679.<\/p>\n<p>Vi informiamo che la presente informativa privacy si applica ai dati personali che fornirete a Trascon s.r.l., che derivino alla stessa dalla raccolta mediante cookies e\/o da altre tecnologie di tracciatura web, ai sensi e per gli effetti del D. Lgs. n. 196\/2003, cos\u00ec come modificato dal D. Lgs. n. 101\/2018, nonch\u00e9 ai sensi degli artt. 13 e 14 del REG. UE 2016\/679.<\/p>\n<p><strong>Titolare del trattamento:<\/strong> il titolare del trattamento dei dati personali \u00e8 Trascon s.r.l., in persona del legale rappresentante pro tempore, con sede in Via Vecchia Fornace n. 15, 14100 - Castell\u2019Alfero (At), tel.: 0141204248, e-mail: info@trascon.it, P. IVA: 00180520058.<\/p>\n<p><strong>Modalit\u00e0 del trattamento:<\/strong> il trattamento dei dati personali potr\u00e0 effettuarsi con o senza l\u2019ausilio di mezzi elettronici e comunque automatizzati.<br \/>\nI sistemi informatici e le procedure software preposte al funzionamento di questo sito web acquisiscono, nel corso del loro normale esercizio, alcuni dati personali la cui trasmissione \u00e8 implicita nell\u2019uso dei protocolli di comunicazione di internet.<br \/>\nSi tratta di informazioni che non sono raccolte per essere associate a interessati identificati, ma che per loro stessa natura potrebbero, attraverso elaborazioni ed associazioni con dati detenuti da terzi, permettere di identificare gli utenti.<br \/>\nIn ogni caso, il trattamento sar\u00e0 effettuato nell\u2019osservanza di ogni misura cautelativa, che ne garantisca la sicurezza e la riservatezza.<\/p>\n<p><strong>Luogo di trattamento:<\/strong> il trattamento dei dati avviene presso la sede del titolare sita in Via Vecchia Fornace n. 15, 14100 - Castell\u2019Alfero (At).<br \/>\nIn caso di necessit\u00e0, i dati personali connessi ai servizi del sito possono essere trattati dal personale tecnico della societ\u00e0 che cura la manutenzione del sito; ed in tal caso verranno nominati responsabili del trattamento.<\/p>\n<p><strong>Finalit\u00e0 del trattamento:<\/strong> i dati personali forniti attraverso l\u2019invio di una e-mail e\/o attraverso la compilazione del form \u201ccontatti\u201d vengono utilizzate per rispondere alle vostre domande o per soddisfare le vostre richieste.<br \/>\nSolo previa manifestazione espressa del consenso da parte Vostra, la nostra organizzazione potr\u00e0 utilizzare i Vostri dati personali per finalit\u00e0 quali invio di informazioni di carattere promozionale e commerciale, ovvero relative a nuove offerte di prodotti o servizi; infine, solo previa ulteriore manifestazione del proprio specifico consenso, i Vostri dati personali potranno essere messi a disposizione dei nostri partner commerciali in grado di trasmettere informazioni utili o di inviare materiale promozionale di Vostro interesse.<\/p>\n<p><strong>Cookies:<\/strong> tale sito fa uso di cookie. I cookie sono piccoli file di testo che consentono di conservare informazioni sulle preferenze dei visitatori, per migliorare le funzionalit\u00e0 del sito, per semplificarne la navigazione automatizzando le procedure (quali ad esempio la lingua del sito) e per l\u2019analisi dell\u2019uso del sito.<br \/>\nSi individuano due macro-categorie di cookie, quelli \u201ctecnici\u201d e quelli \u201cdi profilazione\u201d.<br \/>\nQuesto sito utilizza sia i c.d. cookie \u201ctecnici\u201d, che quelli \u201cdi profilazione\u201d che cookie \u201cdi terze parti\u201d.<br \/>\nIn particolare utilizza:<\/p>\n<ul>\n<li><strong>SendInBlue per Newsletter.<\/strong> \u00c8 un servizio per l\u2019invio di newsletter informative, commerciali, ecc. verso il cliente. In tal caso il luogo di trattamento dei dati \u00e8 l\u2019Unione Europea. Informativa reperibile\tal seguente link: https:\/\/it.sendinblue.com\/legal\/privacypolicy\/<\/li>\n<li>AdWords Remarketing (Google Inc.). \u00c8 un servizio di remarketing e behavioral targeting fornito da Google Inc. che collega l'attivit\u00e0 di questa Applicazione con il network di advertising Adwords ed il Cookie Doubleclick. In tal caso il luogo di trattamento dei dati \u00e8 USA. Informativa reperibile al seguente link: https:\/\/policies.google.com\/privacy?hl=it<\/li>\n<li><strong>Remarketing con Google Analytics<\/strong> per la pubblicit\u00e0 display (Google Inc.). Google Analytics per la pubblicit\u00e0 display \u00e8 un servizio di remarketing e behavioral targeting fornito da Google Inc. che collega l'attivit\u00e0 di tracciamento effettuata da Google Analytics e dai suoi Cookie con il network di advertising Adwords ed il Cookie Doubleclick. In tal caso il luogo di trattamento dei dati \u00e8 USA.Informativa reperibile al seguente link: https:\/\/policies.google.com\/privacy?hl=it.<\/li>\n<li><strong>Google Analytics con IP anonimizzato (Google Inc.).<\/strong> Google Analytics \u00e8 un servizio di analisi web fornito da Google Inc. (\u201cGoogle\u201d). Google utilizza i dati personali raccolti allo scopo di tracciare ed esaminare l\u2019utilizzo di questo Sito, compilare report e condividerli con gli altri servizi sviluppati da Google. In tal caso il luogo di trattamento dei dati \u00e8 USA. Informativa reperibile al seguente link: https:\/\/policies.google.com\/privacy?hl=it.<\/li>\n<li><strong>Monitoraggio conversioni di\tGoogle AdWords (Google\tInc.)<\/strong>. Il monitoraggio conversioni di Google AdWords \u00e8 un servizio di statistiche fornito da Google Inc. che collega i dati provenienti dal network di annunci Google AdWords con le azioni compiute all'interno di questa Applicazione. In tal caso il luogo di trattamento dei dati \u00e8 USA. Informativa reperibile al seguente link: https:\/\/policies.google.com\/privacy?hl=it.<\/li>\n<\/ul>\n<p><strong>Base giuridica del trattamento:<\/strong> tutte le informazioni personali da voi fornite sono il risultato di una vostra libera scelta, non disponiamo di mezzi illeciti per ottenere queste informazioni senza il vostro consenso.<br \/>\nIl trattamento dei dati da voi forniti potrebbe essere necessario per:<br \/>\na) adempiere ad un obbligo legale al quale \u00e8 soggetto il Titolare;<br \/>\nb) per l'esecuzione di un compito di interesse pubblico o per l'esercizio di pubblici poteri di cui \u00e8 investito il Titolare;<br \/>\nc) per il perseguimento del legittimo interesse del Titolare o di terzi.<br \/>\nIn ogni caso \u00e8 possibile richiedere al Titolare di chiarire la concreta base giuridica di ciascun trattamento ed in particolare di specificare se il trattamento sia basato sulla legge, previsto da un contratto o necessario per concludere un contratto.<\/p>\n<p><strong>Periodo di conservazione dei dati personali:<\/strong> i dati personali da voi forniti verranno utilizzati solamente per il tempo necessario per l\u2019espletamento delle finalit\u00e0 stabilite al punto \u201cfinalit\u00e0 di trattamento\u201d oppure sino al momento in cui dichiarerete la vostra opposizione a che Trascon s.r.l. utilizzi i vostri dati personali o fino al momento in cui non ritirerete il vostro consenso.<br \/>\nNondimeno, nel caso in cui Trascon s.r.l. sia tenuta ai sensi di legge a custodire i vostri dati personali per un tempo maggiore o laddove Trascon s.r.l. abbia necessit\u00e0 dei vostri dati personali per promuovere o difendersi da domande giudiziali conserver\u00e0 i vostri dati personali sino al termine del relativo periodo di custodia obbligatoria o sino al momento in cui le domande in questione siano state risolte.<br \/>\nIn ogni caso, i dati personali non saranno conservati per un periodo superiore a 10 anni.<\/p>\n<p><strong>Facolt\u00e0 di conferire i vostri dati:<\/strong> l\u2019invio facoltativo, esplicito e volontario di posta elettronica agli indirizzi indicati su questo sito comporta la successiva acquisizione dell\u2019indirizzo del mittente, necessario per rispondere alle richieste, nonch\u00e9 degli eventuali altri dati personali inseriti nella missiva.<br \/>\nCategorie di soggetti a cui i dati potrebbero essere comunicati: i dati personali da voi forniti potranno essere resi noti ad alcuni incaricati quali collaboratori, fornitori, addetti alla segreteria, etc\u2026 o ai responsabili del trattamento eventualmente designati.<br \/>\nI vostri dati potranno da noi essere comunicati a soggetti, pubblici e privati, che possono accedere ai dati in forza di disposizione di legge, di regolamento o di normativa comunitaria, nei limiti previsti da tali norme (quali ad esempio: istituti ed enti previdenziali e assistenziali, associazioni di enti locali, amministrazioni ed enti pubblici, associazioni, fondazioni, enti od organismi di tipo associativo e\/o assicurativo) a soggetti che hanno necessit\u00e0 di accedere ai dati per finalit\u00e0 ausiliare al rapporto che intercorre tra le parti, nei limiti strettamente necessari per svolgere i compiti ausiliari (si citano a titolo indicativo, banche ed istituti di credito, societ\u00e0 di erogazione servizi, vettori e societ\u00e0 di spedizioni) a soggetti nostri consulenti, nei limiti necessari per svolgere il loro incarico presso la nostra organizzazione, previa nomina quali responsabili del trattamento dei dati che gli verranno forniti.<br \/>\nI vostri dati non verranno da noi diffusi, con tale termine intendendosi il darne conoscenza a soggetti indeterminati in qualunque modo, anche mediante la loro messa a disposizione o consultazione, a meno di uno specifico consenso, libero ed informato, da voi espresso e concesso per ciascun tipo di trattamento.<\/p>\n<p><strong>Trasferimento dei dati in paesi extra Ue:<\/strong> il presente sito potrebbe condividere alcuni dei dati raccolti con servizi localizzati al di fuori dell\u2019area dell\u2019Unione Europea.<\/p>\n<p><strong>Diritti dei soggetti interessati:<\/strong> potrete richiedere a Trascon s.r.l. in ogni momento le informazioni relative a quali dati personali tratta con riguardo a voi, nonch\u00e9 la correzione o la cancellazione di tali dati personali.<br \/>\nIn ogni caso Trascon s.r.l. potr\u00e0 procedere alla cancellazione dei vostri dati personali solamente se non vi \u00e8 alcun obbligo di legge o diritto prevalente della stessa relativo alla loro conservazione.<br \/>\nTuttavia, nel caso in cui voi richiediate a Trascon s.r.l. di cancellare i vostri dati personali, non sarete in grado di continuare l\u2019utilizzo dell\u2019eventuale servizio che richieda l\u2019utilizzo da parte della stessa societ\u00e0 dei vostri dati personali.<br \/>\nPotete richiedere a Trascon s.r.l. che limiti eventuali ulteriori attivit\u00e0 di trattamento dei vostri dati personali nelle seguenti circostanze:<br \/>\na) nel caso in cui non vi siano fondamenti giuridici per il trattamento da parte di Trascon s.r.l. dei vostri dati personali e richiediate a Trascon s.r.l. di escludere i vostri dati personali da eventuali altri trattamenti;<br \/>\nb) nel caso in cui dichiariate che i dati personali che Trascon s.r.l. detiene con riguardo a voi non sono corretti.<br \/>\nNel caso in cui Trascon s.r.l. utilizzi i vostri dati personali sulla base di un contratto stipulato con voi, le potrete chiedere una copia dei dati personali da voi forniti.<br \/>\nSiffatte richieste andranno indirizzate a info@trascon.com con la specificazione delle informazioni o attivit\u00e0 di trattamento cui si riferisce la vostra richiesta, il formato in cui desiderate vi vengano fornite le informazioni e se i dati personali debbano essere inviati a voi o ad un altro destinatario.<br \/>\nTrascon s.r.l. prender\u00e0 in attenta considerazione la vostra richiesta e discuter\u00e0 con voi le modalit\u00e0 per adempiere al meglio alla stessa.<\/p>\n<p><strong>Diritto di presentare un reclamo:<\/strong> nel caso in cui voi riteniate che Trascon s.r.l. non stia trattando i vostri dati personali secondo i requisiti stabiliti nella presente informativa o dalle norme sul Regolamento UE sulla protezione dei dati personali, potrete presentare in ogni momento un reclamo innanzi all\u2019autorit\u00e0 per la protezione dei dati personali.<\/p>\n","protected":false},"excerpt":{"rendered":"<p>Ai sensi e per gli effetti del D. Lgs. n. 196\/2003, cos\u00ec come modificato dal D. Lgs. n. 101\/2018, nonch\u00e9 ai sensi degli artt. 13 e 14 del REG. UE 2016\/679. Vi informiamo che la presente informativa privacy si applica ai dati personali che fornirete a Trascon s.r.l., che derivino alla stessa dalla raccolta mediante [&hellip;]<\/p>\n","protected":false},"author":3,"featured_media":334,"parent":0,"menu_order":0,"comment_status":"closed","ping_status":"closed","template":"page-without-sidebar.php","meta":{"ngg_post_thumbnail":0,"footnotes":""},"yoast_head":"<!-- This site is optimized with the Yoast SEO plugin v21.8 - https:\/\/yoast.com\/wordpress\/plugins\/seo\/ -->\n<title>Informativa Privacy - Trascon<\/title>\n<meta name=\"robots\" content=\"index, follow, max-snippet:-1, max-image-preview:large, max-video-preview:-1\" \/>\n<link rel=\"canonical\" href=\"https:\/\/trascon.it\/privacy\/\" \/>\n<meta property=\"og:locale\" content=\"it_IT\" \/>\n<meta property=\"og:type\" content=\"article\" \/>\n<meta property=\"og:title\" content=\"Informativa Privacy - Trascon\" \/>\n<meta property=\"og:description\" content=\"Ai sensi e per gli effetti del D. Lgs. n. 196\/2003, cos\u00ec come modificato dal D. Lgs. n. 101\/2018, nonch\u00e9 ai sensi degli artt. 13 e 14 del REG. UE 2016\/679. Vi informiamo che la presente informativa privacy si applica ai dati personali che fornirete a Trascon s.r.l., che derivino alla stessa dalla raccolta mediante [&hellip;]\" \/>\n<meta property=\"og:url\" content=\"https:\/\/trascon.it\/en\/privacy\/\" \/>\n<meta property=\"og:site_name\" content=\"Trascon\" \/>\n<meta property=\"article:modified_time\" content=\"2019-01-03T11:18:13+00:00\" \/>\n<meta property=\"og:image\" content=\"https:\/\/trascon.it\/wp-content\/uploads\/2015\/11\/transcom-moda.jpg\" \/>\n\t<meta property=\"og:image:width\" content=\"1164\" \/>\n\t<meta property=\"og:image:height\" content=\"735\" \/>\n\t<meta property=\"og:image:type\" content=\"image\/jpeg\" \/>\n<meta name=\"twitter:card\" content=\"summary_large_image\" \/>\n<meta name=\"twitter:label1\" content=\"Tempo di lettura stimato\" \/>\n\t<meta name=\"twitter:data1\" content=\"9 minuti\" \/>\n<script type=\"application\/ld+json\" class=\"yoast-schema-graph\">{\"@context\":\"https:\/\/schema.org\",\"@graph\":[{\"@type\":\"WebPage\",\"@id\":\"https:\/\/trascon.it\/en\/privacy\/\",\"url\":\"https:\/\/trascon.it\/en\/privacy\/\",\"name\":\"Informativa Privacy - Trascon\",\"isPartOf\":{\"@id\":\"https:\/\/trascon.it\/#website\"},\"datePublished\":\"2015-11-26T16:15:28+00:00\",\"dateModified\":\"2019-01-03T11:18:13+00:00\",\"breadcrumb\":{\"@id\":\"https:\/\/trascon.it\/en\/privacy\/#breadcrumb\"},\"inLanguage\":\"it-IT\",\"potentialAction\":[{\"@type\":\"ReadAction\",\"target\":[\"https:\/\/trascon.it\/en\/privacy\/\"]}]},{\"@type\":\"BreadcrumbList\",\"@id\":\"https:\/\/trascon.it\/en\/privacy\/#breadcrumb\",\"itemListElement\":[{\"@type\":\"ListItem\",\"position\":1,\"name\":\"Home\",\"item\":\"https:\/\/trascon.it\/\"},{\"@type\":\"ListItem\",\"position\":2,\"name\":\"Informativa Privacy\"}]},{\"@type\":\"WebSite\",\"@id\":\"https:\/\/trascon.it\/#website\",\"url\":\"https:\/\/trascon.it\/\",\"name\":\"Trascon\",\"description\":\"\",\"potentialAction\":[{\"@type\":\"SearchAction\",\"target\":{\"@type\":\"EntryPoint\",\"urlTemplate\":\"https:\/\/trascon.it\/?s={search_term_string}\"},\"query-input\":\"required name=search_term_string\"}],\"inLanguage\":\"it-IT\"}]}<\/script>\n<!-- \/ Yoast SEO plugin. -->","yoast_head_json":{"title":"Informativa Privacy - Trascon","robots":{"index":"index","follow":"follow","max-snippet":"max-snippet:-1","max-image-preview":"max-image-preview:large","max-video-preview":"max-video-preview:-1"},"canonical":"https:\/\/trascon.it\/privacy\/","og_locale":"it_IT","og_type":"article","og_title":"Informativa Privacy - Trascon","og_description":"Ai sensi e per gli effetti del D. Lgs. n. 196\/2003, cos\u00ec come modificato dal D. Lgs. n. 101\/2018, nonch\u00e9 ai sensi degli artt. 13 e 14 del REG. UE 2016\/679. Vi informiamo che la presente informativa privacy si applica ai dati personali che fornirete a Trascon s.r.l., che derivino alla stessa dalla raccolta mediante [&hellip;]","og_url":"https:\/\/trascon.it\/en\/privacy\/","og_site_name":"Trascon","article_modified_time":"2019-01-03T11:18:13+00:00","og_image":[{"width":1164,"height":735,"url":"https:\/\/trascon.it\/wp-content\/uploads\/2015\/11\/transcom-moda.jpg","type":"image\/jpeg"}],"twitter_card":"summary_large_image","twitter_misc":{"Tempo di lettura stimato":"9 minuti"},"schema":{"@context":"https:\/\/schema.org","@graph":[{"@type":"WebPage","@id":"https:\/\/trascon.it\/en\/privacy\/","url":"https:\/\/trascon.it\/en\/privacy\/","name":"Informativa Privacy - Trascon","isPartOf":{"@id":"https:\/\/trascon.it\/#website"},"datePublished":"2015-11-26T16:15:28+00:00","dateModified":"2019-01-03T11:18:13+00:00","breadcrumb":{"@id":"https:\/\/trascon.it\/en\/privacy\/#breadcrumb"},"inLanguage":"it-IT","potentialAction":[{"@type":"ReadAction","target":["https:\/\/trascon.it\/en\/privacy\/"]}]},{"@type":"BreadcrumbList","@id":"https:\/\/trascon.it\/en\/privacy\/#breadcrumb","itemListElement":[{"@type":"ListItem","position":1,"name":"Home","item":"https:\/\/trascon.it\/"},{"@type":"ListItem","position":2,"name":"Informativa Privacy"}]},{"@type":"WebSite","@id":"https:\/\/trascon.it\/#website","url":"https:\/\/trascon.it\/","name":"Trascon","description":"","potentialAction":[{"@type":"SearchAction","target":{"@type":"EntryPoint","urlTemplate":"https:\/\/trascon.it\/?s={search_term_string}"},"query-input":"required name=search_term_string"}],"inLanguage":"it-IT"}]}},"_links":{"self":[{"href":"https:\/\/trascon.it\/en\/wp-json\/wp\/v2\/pages\/348\/"}],"collection":[{"href":"https:\/\/trascon.it\/en\/wp-json\/wp\/v2\/pages\/"}],"about":[{"href":"https:\/\/trascon.it\/en\/wp-json\/wp\/v2\/types\/page\/"}],"author":[{"embeddable":true,"href":"https:\/\/trascon.it\/en\/wp-json\/wp\/v2\/users\/3\/"}],"replies":[{"embeddable":true,"href":"https:\/\/trascon.it\/en\/wp-json\/wp\/v2\/comments\/?post=348"}],"version-history":[{"count":5,"href":"https:\/\/trascon.it\/en\/wp-json\/wp\/v2\/pages\/348\/revisions\/"}],"predecessor-version":[{"id":439,"href":"https:\/\/trascon.it\/en\/wp-json\/wp\/v2\/pages\/348\/revisions\/439\/"}],"wp:featuredmedia":[{"embeddable":true,"href":"https:\/\/trascon.it\/en\/wp-json\/wp\/v2\/media\/334\/"}],"wp:attachment":[{"href":"https:\/\/trascon.it\/en\/wp-json\/wp\/v2\/media\/?parent=348"}],"curies":[{"name":"wp","href":"https:\/\/api.w.org\/{rel}","templated":true}]}}